{"id":378,"date":"2023-02-28T21:17:35","date_gmt":"2023-03-01T00:17:35","guid":{"rendered":"https:\/\/francesdeaaz.com\/?page_id=378"},"modified":"2023-03-09T03:30:56","modified_gmt":"2023-03-09T06:30:56","slug":"consultoria","status":"publish","type":"page","link":"https:\/\/francesdeaaz.com\/index.php\/consultoria\/","title":{"rendered":"Consultoria"},"content":{"rendered":"\n<div class=\"wp-block-uagb-container uagb-block-67a917a7 alignfull uagb-is-root-container\"><div class=\"uagb-container-inner-blocks-wrap\">\n<div class=\"wp-block-uagb-info-box uagb-block-61893af1 uagb-infobox__content-wrap  uagb-infobox-icon-above-title uagb-infobox-image-valign-top\"><div class=\"uagb-ifb-content\"><div class=\"uagb-ifb-title-wrap\"><div class=\"uagb-ifb-separator\"><\/div><h1 class=\"uagb-ifb-title\">Consultoria para alunas autodidatas<\/h1><\/div><\/div><\/div>\n\n\n\n<div class=\"wp-block-uagb-image aligncenter uagb-block-56261761 wp-block-uagb-image--layout-default wp-block-uagb-image--effect-static wp-block-uagb-image--align-center\"><figure class=\"wp-block-uagb-image__figure\"><img loading=\"lazy\" decoding=\"async\" srcset=\"https:\/\/websitedemos.net\/learn-baking-08\/wp-content\/uploads\/sites\/967\/2021\/01\/yellow-diamond-shape.svg \" src=\"https:\/\/websitedemos.net\/learn-baking-08\/wp-content\/uploads\/sites\/967\/2021\/01\/yellow-diamond-shape.svg\" alt=\"\" class=\"uag-image-10\" width=\"24\" height=\"24\" title=\"\" loading=\"lazy\"\/><\/figure><\/div>\n<\/div><\/div>\n\n\n\n<div class=\"wp-block-uagb-container uagb-block-3621f05f alignfull uagb-is-root-container\"><div class=\"uagb-container-inner-blocks-wrap\">\n<div class=\"wp-block-uagb-container uagb-block-2e43273c\">\n<div class=\"wp-block-uagb-advanced-heading uagb-block-733c3719\"><h2 class=\"uagb-heading-text\">Quais s\u00e3o as vantagens da consultoria para as alunas autodidatas?<\/h2><\/div>\n\n\n\n<p class=\"has-text-align-justify\">Na consultoria para alunas autodidatas voc\u00ea tem:<\/p>\n\n\n\n<p class=\"has-text-align-justify\">Identifica\u00e7\u00e3o das dificuldades: como autodidata, pode ser dif\u00edcil identificar as \u00e1reas em que voc\u00ea precisa melhorar. Uma consultoria pode ajud\u00e1-la a identificar essas \u00e1reas e fornecer orienta\u00e7\u00e3o espec\u00edfica sobre como superar essas dificuldades.<\/p>\n\n\n\n<p class=\"has-text-align-justify\">Orienta\u00e7\u00e3o personalizada: em uma consultoria, voc\u00ea recebe orienta\u00e7\u00e3o personalizada que se adapta \u00e0s suas necessidades individuais de aprendizado.<\/p>\n\n\n\n<p class=\"has-text-align-justify\">Acesso a recursos de qualidade: como autodidata, pode ser dif\u00edcil encontrar recursos de qualidade para aprender franc\u00eas. Na consultoria, voc\u00ea ter\u00e1 acesso a recursos selecionados e de alta qualidade, incluindo livros did\u00e1ticos, materiais audiovisuais e atividades pr\u00e1ticas.<\/p>\n\n\n\n<p class=\"has-text-align-justify\">Feedback: ao trabalhar com uma professora, voc\u00ea ter\u00e1 feedback sobre seu progresso, al\u00e9m de corre\u00e7\u00f5es e sugest\u00f5es espec\u00edficas para melhorar suas habilidades lingu\u00edsticas.<\/p>\n\n\n\n<p class=\"has-text-align-justify\">Motiva\u00e7\u00e3o e comprometimento: fazer uma consultoria de franc\u00eas pode fornecer motiva\u00e7\u00e3o extra e comprometimento com o aprendizado do idioma. Saber que voc\u00ea tem uma consultoria marcada pode ajud\u00e1-la a manter a disciplina e a se dedicar mais ao aprendizado do franc\u00eas.<\/p>\n<\/div>\n\n\n\n<div class=\"wp-block-uagb-container uagb-block-ca0b03d1\">\n<figure class=\"wp-block-image size-full\"><img fetchpriority=\"high\" decoding=\"async\" width=\"640\" height=\"960\" src=\"https:\/\/francesdeaaz.com\/wp-content\/uploads\/2023\/02\/pexels-ivan-samkov-4240503.jpg\" alt=\"\" class=\"wp-image-391\" srcset=\"https:\/\/francesdeaaz.com\/wp-content\/uploads\/2023\/02\/pexels-ivan-samkov-4240503.jpg 640w, https:\/\/francesdeaaz.com\/wp-content\/uploads\/2023\/02\/pexels-ivan-samkov-4240503-200x300.jpg 200w\" sizes=\"(max-width: 640px) 100vw, 640px\" \/><\/figure>\n<\/div>\n<\/div><\/div>\n","protected":false},"excerpt":{"rendered":"<p>Quais s\u00e3o as vantagens da consultoria para as alunas autodidatas? Na consultoria para alunas autodidatas voc\u00ea tem: Identifica\u00e7\u00e3o das dificuldades: como autodidata, pode ser dif\u00edcil identificar as \u00e1reas em que voc\u00ea precisa melhorar. Uma consultoria pode ajud\u00e1-la a identificar essas \u00e1reas e fornecer orienta\u00e7\u00e3o espec\u00edfica sobre como superar essas dificuldades. Orienta\u00e7\u00e3o personalizada: em uma consultoria, [&hellip;]<\/p>\n","protected":false},"author":1,"featured_media":0,"parent":0,"menu_order":0,"comment_status":"closed","ping_status":"closed","template":"","meta":{"_editorskit_title_hidden":false,"_editorskit_reading_time":0,"_editorskit_is_block_options_detached":false,"_editorskit_block_options_position":"{}","_uag_custom_page_level_css":"","site-sidebar-layout":"default","site-content-layout":"","ast-site-content-layout":"default","site-content-style":"default","site-sidebar-style":"default","ast-global-header-display":"","ast-banner-title-visibility":"","ast-main-header-display":"","ast-hfb-above-header-display":"","ast-hfb-below-header-display":"","ast-hfb-mobile-header-display":"","site-post-title":"disabled","ast-breadcrumbs-content":"","ast-featured-img":"","footer-sml-layout":"","ast-disable-related-posts":"","theme-transparent-header-meta":"","adv-header-id-meta":"","stick-header-meta":"","header-above-stick-meta":"","header-main-stick-meta":"","header-below-stick-meta":"","astra-migrate-meta-layouts":"default","ast-page-background-enabled":"default","ast-page-background-meta":{"desktop":{"background-color":"var(--ast-global-color-4)","background-image":"","background-repeat":"repeat","background-position":"center center","background-size":"auto","background-attachment":"scroll","background-type":"","background-media":"","overlay-type":"","overlay-color":"","overlay-opacity":"","overlay-gradient":""},"tablet":{"background-color":"","background-image":"","background-repeat":"repeat","background-position":"center center","background-size":"auto","background-attachment":"scroll","background-type":"","background-media":"","overlay-type":"","overlay-color":"","overlay-opacity":"","overlay-gradient":""},"mobile":{"background-color":"","background-image":"","background-repeat":"repeat","background-position":"center center","background-size":"auto","background-attachment":"scroll","background-type":"","background-media":"","overlay-type":"","overlay-color":"","overlay-opacity":"","overlay-gradient":""}},"ast-content-background-meta":{"desktop":{"background-color":"var(--ast-global-color-5)","background-image":"","background-repeat":"repeat","background-position":"center center","background-size":"auto","background-attachment":"scroll","background-type":"","background-media":"","overlay-type":"","overlay-color":"","overlay-opacity":"","overlay-gradient":""},"tablet":{"background-color":"var(--ast-global-color-5)","background-image":"","background-repeat":"repeat","background-position":"center center","background-size":"auto","background-attachment":"scroll","background-type":"","background-media":"","overlay-type":"","overlay-color":"","overlay-opacity":"","overlay-gradient":""},"mobile":{"background-color":"var(--ast-global-color-5)","background-image":"","background-repeat":"repeat","background-position":"center center","background-size":"auto","background-attachment":"scroll","background-type":"","background-media":"","overlay-type":"","overlay-color":"","overlay-opacity":"","overlay-gradient":""}},"footnotes":""},"class_list":["post-378","page","type-page","status-publish","hentry"],"uagb_featured_image_src":{"full":false,"thumbnail":false,"medium":false,"medium_large":false,"large":false,"1536x1536":false,"2048x2048":false},"uagb_author_info":{"display_name":"raphael.alves","author_link":"https:\/\/francesdeaaz.com\/index.php\/author\/raphael-alves\/"},"uagb_comment_info":0,"uagb_excerpt":"Quais s\u00e3o as vantagens da consultoria para as alunas autodidatas? Na consultoria para alunas autodidatas voc\u00ea tem: Identifica\u00e7\u00e3o das dificuldades: como autodidata, pode ser dif\u00edcil identificar as \u00e1reas em que voc\u00ea precisa melhorar. Uma consultoria pode ajud\u00e1-la a identificar essas \u00e1reas e fornecer orienta\u00e7\u00e3o espec\u00edfica sobre como superar essas dificuldades. Orienta\u00e7\u00e3o personalizada: em uma consultoria,&hellip;","_links":{"self":[{"href":"https:\/\/francesdeaaz.com\/index.php\/wp-json\/wp\/v2\/pages\/378","targetHints":{"allow":["GET"]}}],"collection":[{"href":"https:\/\/francesdeaaz.com\/index.php\/wp-json\/wp\/v2\/pages"}],"about":[{"href":"https:\/\/francesdeaaz.com\/index.php\/wp-json\/wp\/v2\/types\/page"}],"author":[{"embeddable":true,"href":"https:\/\/francesdeaaz.com\/index.php\/wp-json\/wp\/v2\/users\/1"}],"replies":[{"embeddable":true,"href":"https:\/\/francesdeaaz.com\/index.php\/wp-json\/wp\/v2\/comments?post=378"}],"version-history":[{"count":6,"href":"https:\/\/francesdeaaz.com\/index.php\/wp-json\/wp\/v2\/pages\/378\/revisions"}],"predecessor-version":[{"id":461,"href":"https:\/\/francesdeaaz.com\/index.php\/wp-json\/wp\/v2\/pages\/378\/revisions\/461"}],"wp:attachment":[{"href":"https:\/\/francesdeaaz.com\/index.php\/wp-json\/wp\/v2\/media?parent=378"}],"curies":[{"name":"wp","href":"https:\/\/api.w.org\/{rel}","templated":true}]}}