{"id":374,"date":"2023-02-28T21:10:00","date_gmt":"2023-03-01T00:10:00","guid":{"rendered":"https:\/\/francesdeaaz.com\/?page_id=374"},"modified":"2023-03-09T03:29:18","modified_gmt":"2023-03-09T06:29:18","slug":"frances-em-grupo","status":"publish","type":"page","link":"https:\/\/francesdeaaz.com\/index.php\/frances-em-grupo\/","title":{"rendered":"Franc\u00eas em Grupo"},"content":{"rendered":"\n<div class=\"wp-block-uagb-container uagb-block-9078e702 alignfull uagb-is-root-container\"><div class=\"uagb-container-inner-blocks-wrap\">\n<div class=\"wp-block-uagb-info-box uagb-block-53240440 uagb-infobox__content-wrap  uagb-infobox-icon-above-title uagb-infobox-image-valign-top\"><div class=\"uagb-ifb-content\"><div class=\"uagb-ifb-title-wrap\"><div class=\"uagb-ifb-separator\"><\/div><h1 class=\"uagb-ifb-title\">Franc\u00eas em grupo<\/h1><\/div><\/div><\/div>\n\n\n\n<div class=\"wp-block-uagb-image aligncenter uagb-block-4623b05b wp-block-uagb-image--layout-default wp-block-uagb-image--effect-static wp-block-uagb-image--align-center\"><figure class=\"wp-block-uagb-image__figure\"><img loading=\"lazy\" decoding=\"async\" srcset=\"https:\/\/websitedemos.net\/learn-baking-08\/wp-content\/uploads\/sites\/967\/2021\/01\/yellow-diamond-shape.svg \" src=\"https:\/\/websitedemos.net\/learn-baking-08\/wp-content\/uploads\/sites\/967\/2021\/01\/yellow-diamond-shape.svg\" alt=\"\" class=\"uag-image-10\" width=\"24\" height=\"24\" title=\"\" loading=\"lazy\"\/><\/figure><\/div>\n<\/div><\/div>\n\n\n\n<div class=\"wp-block-uagb-container uagb-block-279ee526 alignfull uagb-is-root-container\"><div class=\"uagb-container-inner-blocks-wrap\">\n<div class=\"wp-block-uagb-container uagb-block-c816ce1e\">\n<div class=\"wp-block-uagb-advanced-heading uagb-block-336a8cfa\"><h2 class=\"uagb-heading-text\">Quais as vantagens das aulas em grupo?<\/h2><\/div>\n\n\n\n<p class=\"has-text-align-justify\">Aprender franc\u00eas em uma turma exclusivamente feminina \u00e9 para voc\u00ea que quer se conectar com outras mulheres, concentrar-se mais no aprendizado e fazer amizades enquanto aprende um novo idioma. Nas aulas em grupo voc\u00ea tem:<\/p>\n\n\n\n<p class=\"has-text-align-justify\">Conforto e seguran\u00e7a: Algumas mulheres podem sentir-se mais confort\u00e1veis e seguras em um ambiente exclusivamente feminino, especialmente se elas j\u00e1 tiveram experi\u00eancias negativas de discrimina\u00e7\u00e3o ou ass\u00e9dio em ambientes mistos.<\/p>\n\n\n\n<p class=\"has-text-align-justify\">Fortalecimento da rede feminina: Uma turma exclusivamente feminina vai te proporcionar uma oportunidade de se conectar com outras mulheres e criar uma rede de suporte e inspira\u00e7\u00e3o.<\/p>\n\n\n\n<p class=\"has-text-align-justify\">Foco em quest\u00f5es de g\u00eanero: Em uma turma exclusivamente feminina, voc\u00ea ter\u00e1 o conte\u00fado adaptado para abordar quest\u00f5es espec\u00edficas relacionadas \u00e0s mulheres, como o vocabul\u00e1rio relacionado \u00e0 sa\u00fade feminina, carreira e empreendedorismo, quest\u00f5es de igualdade de g\u00eanero, entre outros.<\/p>\n\n\n\n<p>Intera\u00e7\u00e3o social: Aprender franc\u00eas em grupo vai te proporcionar a oportunidade de interagir com outras mulheres que tamb\u00e9m est\u00e3o aprendendo o idioma. Isso ser\u00e1 ben\u00e9fico principalmente para melhorar as suas habilidades de conversa\u00e7\u00e3o.<\/p>\n\n\n\n<p class=\"has-text-align-justify\">Aprendizagem colaborativa: Em uma turma de franc\u00eas em grupo, voc\u00ea aprender\u00e1 tamb\u00e9m com outras alunas, compartilhando ideias, experi\u00eancias e recursos. Isso ir\u00e1 acelerar o seu processo de aprendizagem, tornando-o mais divertido e interessante.<\/p>\n\n\n\n<p class=\"has-text-align-justify\">Diversidade de perspectivas: Nas aulas em turma, as alunas v\u00eam de diferentes origens e t\u00eam experi\u00eancias e perspectivas \u00fanicas. Isso ser\u00e1 uma vantagem para que voc\u00ea aprenda mais sobre a cultura francesa e aprimore as suas habilidades de comunica\u00e7\u00e3o intercultural.<\/p>\n\n\n\n<p class=\"has-text-align-justify\">Custo-benef\u00edcio: As aulas de franc\u00eas em grupo s\u00e3o mais acess\u00edveis em termos de custo por hora do que as aulas particulares, dessa forma voc\u00ea pode aprender pagando um valor que cabe no seu bolso.<\/p>\n\n\n\n<p class=\"has-text-align-justify\">Sabemos que a rotina pode ser bastante intensa e que imprevistos acontecem. Por isso as aulas ficam gravadas e podem ser acessadas por at\u00e9 30 dias ap\u00f3s a data original da aula.<br>Isso significa que, se voc\u00ea n\u00e3o puder comparecer \u00e0 aula ao vivo, ainda ter\u00e1 a oportunidade de assistir \u00e0 aula posteriormente, no seu pr\u00f3prio ritmo e hor\u00e1rio.<\/p>\n\n\n\n<p class=\"has-text-align-justify\">Para garantir que voc\u00ea esteja sempre acompanhada e possa esclarecer suas d\u00favidas, h\u00e1 tamb\u00e9m um suporte atrav\u00e9s do whatsapp, dispon\u00edvel cinco dias por semana, al\u00e9m de ter acesso a uma biblioteca com todos os livros did\u00e1ticos e uma variedade de obras liter\u00e1rias e conte\u00fados extras para aprofundar seus estudos.<\/p>\n<\/div>\n\n\n\n<div class=\"wp-block-uagb-container uagb-block-50bbd8c7\">\n<figure class=\"wp-block-image size-full\"><img fetchpriority=\"high\" decoding=\"async\" width=\"640\" height=\"960\" src=\"http:\/\/francesdeaaz.com\/wp-content\/uploads\/2023\/02\/pexels-sierra-koder-10264752.jpg\" alt=\"\" class=\"wp-image-317\" srcset=\"https:\/\/francesdeaaz.com\/wp-content\/uploads\/2023\/02\/pexels-sierra-koder-10264752.jpg 640w, https:\/\/francesdeaaz.com\/wp-content\/uploads\/2023\/02\/pexels-sierra-koder-10264752-200x300.jpg 200w\" sizes=\"(max-width: 640px) 100vw, 640px\" \/><\/figure>\n<\/div>\n<\/div><\/div>\n","protected":false},"excerpt":{"rendered":"<p>Quais as vantagens das aulas em grupo? Aprender franc\u00eas em uma turma exclusivamente feminina \u00e9 para voc\u00ea que quer se conectar com outras mulheres, concentrar-se mais no aprendizado e fazer amizades enquanto aprende um novo idioma. Nas aulas em grupo voc\u00ea tem: Conforto e seguran\u00e7a: Algumas mulheres podem sentir-se mais confort\u00e1veis e seguras em um [&hellip;]<\/p>\n","protected":false},"author":1,"featured_media":0,"parent":0,"menu_order":0,"comment_status":"closed","ping_status":"closed","template":"","meta":{"_editorskit_title_hidden":false,"_editorskit_reading_time":1,"_editorskit_is_block_options_detached":false,"_editorskit_block_options_position":"{}","_uag_custom_page_level_css":"","site-sidebar-layout":"default","site-content-layout":"","ast-site-content-layout":"default","site-content-style":"default","site-sidebar-style":"default","ast-global-header-display":"","ast-banner-title-visibility":"","ast-main-header-display":"","ast-hfb-above-header-display":"","ast-hfb-below-header-display":"","ast-hfb-mobile-header-display":"","site-post-title":"disabled","ast-breadcrumbs-content":"","ast-featured-img":"","footer-sml-layout":"","ast-disable-related-posts":"","theme-transparent-header-meta":"","adv-header-id-meta":"","stick-header-meta":"","header-above-stick-meta":"","header-main-stick-meta":"","header-below-stick-meta":"","astra-migrate-meta-layouts":"default","ast-page-background-enabled":"default","ast-page-background-meta":{"desktop":{"background-color":"var(--ast-global-color-4)","background-image":"","background-repeat":"repeat","background-position":"center center","background-size":"auto","background-attachment":"scroll","background-type":"","background-media":"","overlay-type":"","overlay-color":"","overlay-opacity":"","overlay-gradient":""},"tablet":{"background-color":"","background-image":"","background-repeat":"repeat","background-position":"center center","background-size":"auto","background-attachment":"scroll","background-type":"","background-media":"","overlay-type":"","overlay-color":"","overlay-opacity":"","overlay-gradient":""},"mobile":{"background-color":"","background-image":"","background-repeat":"repeat","background-position":"center center","background-size":"auto","background-attachment":"scroll","background-type":"","background-media":"","overlay-type":"","overlay-color":"","overlay-opacity":"","overlay-gradient":""}},"ast-content-background-meta":{"desktop":{"background-color":"var(--ast-global-color-5)","background-image":"","background-repeat":"repeat","background-position":"center center","background-size":"auto","background-attachment":"scroll","background-type":"","background-media":"","overlay-type":"","overlay-color":"","overlay-opacity":"","overlay-gradient":""},"tablet":{"background-color":"var(--ast-global-color-5)","background-image":"","background-repeat":"repeat","background-position":"center center","background-size":"auto","background-attachment":"scroll","background-type":"","background-media":"","overlay-type":"","overlay-color":"","overlay-opacity":"","overlay-gradient":""},"mobile":{"background-color":"var(--ast-global-color-5)","background-image":"","background-repeat":"repeat","background-position":"center center","background-size":"auto","background-attachment":"scroll","background-type":"","background-media":"","overlay-type":"","overlay-color":"","overlay-opacity":"","overlay-gradient":""}},"footnotes":""},"class_list":["post-374","page","type-page","status-publish","hentry"],"uagb_featured_image_src":{"full":false,"thumbnail":false,"medium":false,"medium_large":false,"large":false,"1536x1536":false,"2048x2048":false},"uagb_author_info":{"display_name":"raphael.alves","author_link":"https:\/\/francesdeaaz.com\/index.php\/author\/raphael-alves\/"},"uagb_comment_info":0,"uagb_excerpt":"Quais as vantagens das aulas em grupo? Aprender franc\u00eas em uma turma exclusivamente feminina \u00e9 para voc\u00ea que quer se conectar com outras mulheres, concentrar-se mais no aprendizado e fazer amizades enquanto aprende um novo idioma. Nas aulas em grupo voc\u00ea tem: Conforto e seguran\u00e7a: Algumas mulheres podem sentir-se mais confort\u00e1veis e seguras em um&hellip;","_links":{"self":[{"href":"https:\/\/francesdeaaz.com\/index.php\/wp-json\/wp\/v2\/pages\/374","targetHints":{"allow":["GET"]}}],"collection":[{"href":"https:\/\/francesdeaaz.com\/index.php\/wp-json\/wp\/v2\/pages"}],"about":[{"href":"https:\/\/francesdeaaz.com\/index.php\/wp-json\/wp\/v2\/types\/page"}],"author":[{"embeddable":true,"href":"https:\/\/francesdeaaz.com\/index.php\/wp-json\/wp\/v2\/users\/1"}],"replies":[{"embeddable":true,"href":"https:\/\/francesdeaaz.com\/index.php\/wp-json\/wp\/v2\/comments?post=374"}],"version-history":[{"count":5,"href":"https:\/\/francesdeaaz.com\/index.php\/wp-json\/wp\/v2\/pages\/374\/revisions"}],"predecessor-version":[{"id":459,"href":"https:\/\/francesdeaaz.com\/index.php\/wp-json\/wp\/v2\/pages\/374\/revisions\/459"}],"wp:attachment":[{"href":"https:\/\/francesdeaaz.com\/index.php\/wp-json\/wp\/v2\/media?parent=374"}],"curies":[{"name":"wp","href":"https:\/\/api.w.org\/{rel}","templated":true}]}}