{"id":354,"date":"2023-02-27T22:49:18","date_gmt":"2023-02-28T01:49:18","guid":{"rendered":"https:\/\/francesdeaaz.com\/?page_id=354"},"modified":"2023-03-09T03:44:19","modified_gmt":"2023-03-09T06:44:19","slug":"frances-vip","status":"publish","type":"page","link":"https:\/\/francesdeaaz.com\/index.php\/frances-vip\/","title":{"rendered":"Franc\u00eas VIP"},"content":{"rendered":"\n<div class=\"wp-block-uagb-container uagb-block-41363f76 alignfull uagb-is-root-container\"><div class=\"uagb-container-inner-blocks-wrap\">\n<div class=\"wp-block-uagb-info-box uagb-block-47e12848 uagb-infobox__content-wrap  uagb-infobox-icon-above-title uagb-infobox-image-valign-top\"><div class=\"uagb-ifb-content\"><div class=\"uagb-ifb-title-wrap\"><div class=\"uagb-ifb-separator\"><\/div><h1 class=\"uagb-ifb-title\">Franc\u00eas VIP<\/h1><\/div><\/div><\/div>\n\n\n\n<div class=\"wp-block-uagb-image aligncenter uagb-block-daab9c1a wp-block-uagb-image--layout-default wp-block-uagb-image--effect-static wp-block-uagb-image--align-center\"><figure class=\"wp-block-uagb-image__figure\"><img loading=\"lazy\" decoding=\"async\" srcset=\"https:\/\/websitedemos.net\/learn-baking-08\/wp-content\/uploads\/sites\/967\/2021\/01\/yellow-diamond-shape.svg \" src=\"https:\/\/websitedemos.net\/learn-baking-08\/wp-content\/uploads\/sites\/967\/2021\/01\/yellow-diamond-shape.svg\" alt=\"\" class=\"uag-image-10\" width=\"24\" height=\"24\" title=\"\" loading=\"lazy\"\/><\/figure><\/div>\n<\/div><\/div>\n\n\n\n<div class=\"wp-block-uagb-container uagb-block-9e300224 alignfull uagb-is-root-container\"><div class=\"uagb-container-inner-blocks-wrap\">\n<div class=\"wp-block-uagb-container uagb-block-c746d570\">\n<p class=\"has-medium-font-size\"><strong>Quais s\u00e3o as vantagens das aulas particulares?<\/strong><\/p>\n\n\n\n<p class=\"has-text-align-justify\">Aprender franc\u00eas pode abrir portas para novas oportunidades pessoais e profissionais, mas nem sempre \u00e9 f\u00e1cil encontrar o tempo e o suporte necess\u00e1rio para alcan\u00e7ar seus objetivos. \u00c9 a\u00ed que entram as aulas VIPS da Franc\u00eas de A a Z. Se voc\u00ea quer aprender franc\u00eas com mais rapidez e efic\u00e1cia, considere as aulas particulares. Com as aulas particulares voc\u00ea tem:<\/p>\n\n\n\n<p class=\"has-text-align-justify\">Flexibilidade: Voc\u00ea pode escolher o hor\u00e1rio e a frequ\u00eancia das aulas de acordo com a sua disponibilidade, sem ter que se preocupar com um cronograma pr\u00e9-estabelecido.<\/p>\n\n\n\n<p class=\"has-text-align-justify\">Progresso mais r\u00e1pido: Com a aten\u00e7\u00e3o individualizada e um ensino adaptado \u00e0s suas necessidades, voc\u00ea pode progredir mais rapidamente .<\/p>\n\n\n\n<p class=\"has-text-align-justify\">Personaliza\u00e7\u00e3o do conte\u00fado: As aulas particulares permitem que a professora adapte o conte\u00fado para atender \u00e0s suas necessidades espec\u00edficas, incluindo aprimorar a sua pron\u00fancia, gram\u00e1tica, vocabul\u00e1rio, compreens\u00e3o oral e escrita.<\/p>\n\n\n\n<p class=\"has-text-align-justify\">Foco em suas dificuldades: A professora ir\u00e1 focar em ajud\u00e1-la a superar seus pontos fracos e dificuldades.<\/p>\n\n\n\n<p class=\"has-text-align-justify\">Motiva\u00e7\u00e3o: Com o progresso mais r\u00e1pido e um ensino adaptado \u00e0s suas necessidades, voc\u00ea ficar\u00e1 mais motivada a continuar estudando franc\u00eas.<\/p>\n\n\n\n<p class=\"has-text-align-justify\">E, para garantir que voc\u00ea esteja sempre acompanhada e possa esclarecer suas d\u00favidas, h\u00e1 tamb\u00e9m um suporte atrav\u00e9s do whatsapp, dispon\u00edvel cinco dias por semana, al\u00e9m de ter acesso a uma biblioteca com todos os livros did\u00e1ticos e uma variedade de obras liter\u00e1rias e conte\u00fados extras para aprofundar seus estudos.<\/p>\n<\/div>\n\n\n\n<div class=\"wp-block-uagb-container uagb-block-f6e92be7\">\n<figure class=\"wp-block-image size-full\"><img fetchpriority=\"high\" decoding=\"async\" width=\"640\" height=\"959\" src=\"https:\/\/francesdeaaz.com\/wp-content\/uploads\/2023\/02\/pexels-arina-krasnikova-7005607.jpg\" alt=\"\" class=\"wp-image-355\" srcset=\"https:\/\/francesdeaaz.com\/wp-content\/uploads\/2023\/02\/pexels-arina-krasnikova-7005607.jpg 640w, https:\/\/francesdeaaz.com\/wp-content\/uploads\/2023\/02\/pexels-arina-krasnikova-7005607-200x300.jpg 200w\" sizes=\"(max-width: 640px) 100vw, 640px\" \/><\/figure>\n<\/div>\n<\/div><\/div>\n","protected":false},"excerpt":{"rendered":"<p>Quais s\u00e3o as vantagens das aulas particulares? Aprender franc\u00eas pode abrir portas para novas oportunidades pessoais e profissionais, mas nem sempre \u00e9 f\u00e1cil encontrar o tempo e o suporte necess\u00e1rio para alcan\u00e7ar seus objetivos. \u00c9 a\u00ed que entram as aulas VIPS da Franc\u00eas de A a Z. Se voc\u00ea quer aprender franc\u00eas com mais rapidez [&hellip;]<\/p>\n","protected":false},"author":1,"featured_media":0,"parent":0,"menu_order":0,"comment_status":"closed","ping_status":"closed","template":"","meta":{"_editorskit_title_hidden":false,"_editorskit_reading_time":1,"_editorskit_is_block_options_detached":false,"_editorskit_block_options_position":"{}","_uag_custom_page_level_css":"","site-sidebar-layout":"default","site-content-layout":"","ast-site-content-layout":"default","site-content-style":"default","site-sidebar-style":"default","ast-global-header-display":"","ast-banner-title-visibility":"","ast-main-header-display":"","ast-hfb-above-header-display":"","ast-hfb-below-header-display":"","ast-hfb-mobile-header-display":"","site-post-title":"disabled","ast-breadcrumbs-content":"","ast-featured-img":"","footer-sml-layout":"","ast-disable-related-posts":"","theme-transparent-header-meta":"","adv-header-id-meta":"","stick-header-meta":"","header-above-stick-meta":"","header-main-stick-meta":"","header-below-stick-meta":"","astra-migrate-meta-layouts":"default","ast-page-background-enabled":"default","ast-page-background-meta":{"desktop":{"background-color":"var(--ast-global-color-4)","background-image":"","background-repeat":"repeat","background-position":"center center","background-size":"auto","background-attachment":"scroll","background-type":"","background-media":"","overlay-type":"","overlay-color":"","overlay-opacity":"","overlay-gradient":""},"tablet":{"background-color":"","background-image":"","background-repeat":"repeat","background-position":"center center","background-size":"auto","background-attachment":"scroll","background-type":"","background-media":"","overlay-type":"","overlay-color":"","overlay-opacity":"","overlay-gradient":""},"mobile":{"background-color":"","background-image":"","background-repeat":"repeat","background-position":"center center","background-size":"auto","background-attachment":"scroll","background-type":"","background-media":"","overlay-type":"","overlay-color":"","overlay-opacity":"","overlay-gradient":""}},"ast-content-background-meta":{"desktop":{"background-color":"var(--ast-global-color-5)","background-image":"","background-repeat":"repeat","background-position":"center center","background-size":"auto","background-attachment":"scroll","background-type":"","background-media":"","overlay-type":"","overlay-color":"","overlay-opacity":"","overlay-gradient":""},"tablet":{"background-color":"var(--ast-global-color-5)","background-image":"","background-repeat":"repeat","background-position":"center center","background-size":"auto","background-attachment":"scroll","background-type":"","background-media":"","overlay-type":"","overlay-color":"","overlay-opacity":"","overlay-gradient":""},"mobile":{"background-color":"var(--ast-global-color-5)","background-image":"","background-repeat":"repeat","background-position":"center center","background-size":"auto","background-attachment":"scroll","background-type":"","background-media":"","overlay-type":"","overlay-color":"","overlay-opacity":"","overlay-gradient":""}},"footnotes":""},"class_list":["post-354","page","type-page","status-publish","hentry"],"uagb_featured_image_src":{"full":false,"thumbnail":false,"medium":false,"medium_large":false,"large":false,"1536x1536":false,"2048x2048":false},"uagb_author_info":{"display_name":"raphael.alves","author_link":"https:\/\/francesdeaaz.com\/index.php\/author\/raphael-alves\/"},"uagb_comment_info":0,"uagb_excerpt":"Quais s\u00e3o as vantagens das aulas particulares? Aprender franc\u00eas pode abrir portas para novas oportunidades pessoais e profissionais, mas nem sempre \u00e9 f\u00e1cil encontrar o tempo e o suporte necess\u00e1rio para alcan\u00e7ar seus objetivos. \u00c9 a\u00ed que entram as aulas VIPS da Franc\u00eas de A a Z. Se voc\u00ea quer aprender franc\u00eas com mais rapidez&hellip;","_links":{"self":[{"href":"https:\/\/francesdeaaz.com\/index.php\/wp-json\/wp\/v2\/pages\/354","targetHints":{"allow":["GET"]}}],"collection":[{"href":"https:\/\/francesdeaaz.com\/index.php\/wp-json\/wp\/v2\/pages"}],"about":[{"href":"https:\/\/francesdeaaz.com\/index.php\/wp-json\/wp\/v2\/types\/page"}],"author":[{"embeddable":true,"href":"https:\/\/francesdeaaz.com\/index.php\/wp-json\/wp\/v2\/users\/1"}],"replies":[{"embeddable":true,"href":"https:\/\/francesdeaaz.com\/index.php\/wp-json\/wp\/v2\/comments?post=354"}],"version-history":[{"count":7,"href":"https:\/\/francesdeaaz.com\/index.php\/wp-json\/wp\/v2\/pages\/354\/revisions"}],"predecessor-version":[{"id":468,"href":"https:\/\/francesdeaaz.com\/index.php\/wp-json\/wp\/v2\/pages\/354\/revisions\/468"}],"wp:attachment":[{"href":"https:\/\/francesdeaaz.com\/index.php\/wp-json\/wp\/v2\/media?parent=354"}],"curies":[{"name":"wp","href":"https:\/\/api.w.org\/{rel}","templated":true}]}}