{"id":33,"date":"2023-02-18T17:51:17","date_gmt":"2023-02-18T20:51:17","guid":{"rendered":"https:\/\/francesdeaaz.com\/?page_id=33"},"modified":"2023-02-27T23:06:18","modified_gmt":"2023-02-28T02:06:18","slug":"porque-frances-para-mulheres","status":"publish","type":"page","link":"https:\/\/francesdeaaz.com\/index.php\/porque-frances-para-mulheres\/","title":{"rendered":"Por qu\u00ea franc\u00eas para mulheres?"},"content":{"rendered":"\n<div class=\"wp-block-uagb-container uagb-block-52d0a376 alignfull uagb-is-root-container\"><div class=\"uagb-container-inner-blocks-wrap\">\n<div class=\"wp-block-uagb-info-box uagb-block-142a0860 uagb-infobox__content-wrap  uagb-infobox-icon-above-title uagb-infobox-image-valign-top\"><div class=\"uagb-ifb-content\"><div class=\"uagb-ifb-title-wrap\"><div class=\"uagb-ifb-separator\"><\/div><h1 class=\"uagb-ifb-title\">Por qu\u00ea franc\u00eas para mulheres?<\/h1><\/div><\/div><\/div>\n\n\n\n<div class=\"wp-block-uagb-image aligncenter uagb-block-cb7ecd36 wp-block-uagb-image--layout-default wp-block-uagb-image--effect-static wp-block-uagb-image--align-center\"><figure class=\"wp-block-uagb-image__figure\"><img loading=\"lazy\" decoding=\"async\" srcset=\"https:\/\/websitedemos.net\/learn-baking-08\/wp-content\/uploads\/sites\/967\/2021\/01\/yellow-diamond-shape.svg \" src=\"https:\/\/websitedemos.net\/learn-baking-08\/wp-content\/uploads\/sites\/967\/2021\/01\/yellow-diamond-shape.svg\" alt=\"\" class=\"uag-image-10\" width=\"24\" height=\"24\" title=\"\" loading=\"lazy\"\/><\/figure><\/div>\n<\/div><\/div>\n\n\n\n<div class=\"wp-block-uagb-container uagb-block-ffe3406d alignfull uagb-is-root-container\"><div class=\"uagb-container-inner-blocks-wrap\">\n<div class=\"wp-block-uagb-container uagb-block-a9a99c64\">\n<p>H\u00e1 v\u00e1rias raz\u00f5es pelas quais eu decidi dar aula de franc\u00eas somente para mulheres. A primeira, foi porque eu queria criar um ambiente de aprendizado mais confort\u00e1vel e seguro. Algumas mulheres podem se sentir mais \u00e0 vontade para praticar a fala e fazer perguntas em um ambiente exclusivamente feminino, sem se preocupar com julgamentos ou estere\u00f3tipos de g\u00eanero.<\/p>\n\n\n\n<p>O franc\u00eas \u00e9 uma l\u00edngua conhecida por sua eleg\u00e2ncia e sofistica\u00e7\u00e3o, e muitas mulheres t\u00eam interesse em aprender a l\u00edngua para aprimorar suas habilidades de comunica\u00e7\u00e3o e se destacar em suas carreiras. Al\u00e9m disso, muitas mulheres s\u00e3o apaixonadas por viajar e o franc\u00eas \u00e9 uma l\u00edngua muito \u00fatil para quem quer visitar pa\u00edses franc\u00f3fonos como Fran\u00e7a, Canad\u00e1, Su\u00ed\u00e7a, entre outros.<\/p>\n\n\n\n<p>Al\u00e9m disso, a cultura francesa \u00e9 rica em refer\u00eancias hist\u00f3ricas e art\u00edsticas que podem interessar especialmente \u00e0s mulheres. A moda, a gastronomia, o cinema e a literatura francesa s\u00e3o alguns exemplos de temas que podem ser abordados nas aulas.<\/p>\n\n\n\n<p>Por fim, eu acredito que ensinar franc\u00eas exclusivamente para mulheres \u00e9 uma forma de promover a igualdade de g\u00eanero e empoderar as mulheres atrav\u00e9s da educa\u00e7\u00e3o. Ao aprender uma l\u00edngua nova, as mulheres ampliam suas perspectivas e aumentam sua confian\u00e7a, o que pode ajud\u00e1-las a conquistar seus objetivos pessoais e profissionais.<\/p>\n<\/div>\n\n\n\n<div class=\"wp-block-uagb-container uagb-block-6d413e5f\">\n<figure class=\"wp-block-image size-full\"><img fetchpriority=\"high\" decoding=\"async\" width=\"640\" height=\"960\" src=\"http:\/\/francesdeaaz.com\/wp-content\/uploads\/2023\/02\/pexels-vlada-karpovich-8367861.jpg\" alt=\"\" class=\"wp-image-342\" srcset=\"https:\/\/francesdeaaz.com\/wp-content\/uploads\/2023\/02\/pexels-vlada-karpovich-8367861.jpg 640w, https:\/\/francesdeaaz.com\/wp-content\/uploads\/2023\/02\/pexels-vlada-karpovich-8367861-200x300.jpg 200w\" sizes=\"(max-width: 640px) 100vw, 640px\" \/><\/figure>\n<\/div>\n<\/div><\/div>\n","protected":false},"excerpt":{"rendered":"<p>H\u00e1 v\u00e1rias raz\u00f5es pelas quais eu decidi dar aula de franc\u00eas somente para mulheres. A primeira, foi porque eu queria criar um ambiente de aprendizado mais confort\u00e1vel e seguro. Algumas mulheres podem se sentir mais \u00e0 vontade para praticar a fala e fazer perguntas em um ambiente exclusivamente feminino, sem se preocupar com julgamentos ou [&hellip;]<\/p>\n","protected":false},"author":1,"featured_media":0,"parent":0,"menu_order":0,"comment_status":"closed","ping_status":"closed","template":"","meta":{"_editorskit_title_hidden":false,"_editorskit_reading_time":0,"_editorskit_is_block_options_detached":false,"_editorskit_block_options_position":"{}","_uag_custom_page_level_css":"","site-sidebar-layout":"default","site-content-layout":"","ast-site-content-layout":"default","site-content-style":"default","site-sidebar-style":"default","ast-global-header-display":"","ast-banner-title-visibility":"","ast-main-header-display":"","ast-hfb-above-header-display":"","ast-hfb-below-header-display":"","ast-hfb-mobile-header-display":"","site-post-title":"disabled","ast-breadcrumbs-content":"","ast-featured-img":"","footer-sml-layout":"","ast-disable-related-posts":"","theme-transparent-header-meta":"","adv-header-id-meta":"","stick-header-meta":"","header-above-stick-meta":"","header-main-stick-meta":"","header-below-stick-meta":"","astra-migrate-meta-layouts":"default","ast-page-background-enabled":"default","ast-page-background-meta":{"desktop":{"background-color":"var(--ast-global-color-4)","background-image":"","background-repeat":"repeat","background-position":"center center","background-size":"auto","background-attachment":"scroll","background-type":"","background-media":"","overlay-type":"","overlay-color":"","overlay-opacity":"","overlay-gradient":""},"tablet":{"background-color":"","background-image":"","background-repeat":"repeat","background-position":"center center","background-size":"auto","background-attachment":"scroll","background-type":"","background-media":"","overlay-type":"","overlay-color":"","overlay-opacity":"","overlay-gradient":""},"mobile":{"background-color":"","background-image":"","background-repeat":"repeat","background-position":"center center","background-size":"auto","background-attachment":"scroll","background-type":"","background-media":"","overlay-type":"","overlay-color":"","overlay-opacity":"","overlay-gradient":""}},"ast-content-background-meta":{"desktop":{"background-color":"var(--ast-global-color-5)","background-image":"","background-repeat":"repeat","background-position":"center center","background-size":"auto","background-attachment":"scroll","background-type":"","background-media":"","overlay-type":"","overlay-color":"","overlay-opacity":"","overlay-gradient":""},"tablet":{"background-color":"var(--ast-global-color-5)","background-image":"","background-repeat":"repeat","background-position":"center center","background-size":"auto","background-attachment":"scroll","background-type":"","background-media":"","overlay-type":"","overlay-color":"","overlay-opacity":"","overlay-gradient":""},"mobile":{"background-color":"var(--ast-global-color-5)","background-image":"","background-repeat":"repeat","background-position":"center center","background-size":"auto","background-attachment":"scroll","background-type":"","background-media":"","overlay-type":"","overlay-color":"","overlay-opacity":"","overlay-gradient":""}},"footnotes":""},"class_list":["post-33","page","type-page","status-publish","hentry"],"uagb_featured_image_src":{"full":false,"thumbnail":false,"medium":false,"medium_large":false,"large":false,"1536x1536":false,"2048x2048":false},"uagb_author_info":{"display_name":"raphael.alves","author_link":"https:\/\/francesdeaaz.com\/index.php\/author\/raphael-alves\/"},"uagb_comment_info":0,"uagb_excerpt":"H\u00e1 v\u00e1rias raz\u00f5es pelas quais eu decidi dar aula de franc\u00eas somente para mulheres. A primeira, foi porque eu queria criar um ambiente de aprendizado mais confort\u00e1vel e seguro. Algumas mulheres podem se sentir mais \u00e0 vontade para praticar a fala e fazer perguntas em um ambiente exclusivamente feminino, sem se preocupar com julgamentos ou&hellip;","_links":{"self":[{"href":"https:\/\/francesdeaaz.com\/index.php\/wp-json\/wp\/v2\/pages\/33","targetHints":{"allow":["GET"]}}],"collection":[{"href":"https:\/\/francesdeaaz.com\/index.php\/wp-json\/wp\/v2\/pages"}],"about":[{"href":"https:\/\/francesdeaaz.com\/index.php\/wp-json\/wp\/v2\/types\/page"}],"author":[{"embeddable":true,"href":"https:\/\/francesdeaaz.com\/index.php\/wp-json\/wp\/v2\/users\/1"}],"replies":[{"embeddable":true,"href":"https:\/\/francesdeaaz.com\/index.php\/wp-json\/wp\/v2\/comments?post=33"}],"version-history":[{"count":21,"href":"https:\/\/francesdeaaz.com\/index.php\/wp-json\/wp\/v2\/pages\/33\/revisions"}],"predecessor-version":[{"id":367,"href":"https:\/\/francesdeaaz.com\/index.php\/wp-json\/wp\/v2\/pages\/33\/revisions\/367"}],"wp:attachment":[{"href":"https:\/\/francesdeaaz.com\/index.php\/wp-json\/wp\/v2\/media?parent=33"}],"curies":[{"name":"wp","href":"https:\/\/api.w.org\/{rel}","templated":true}]}}