{"id":326,"date":"2023-02-27T21:58:17","date_gmt":"2023-02-28T00:58:17","guid":{"rendered":"https:\/\/francesdeaaz.com\/?page_id=326"},"modified":"2023-03-09T03:33:33","modified_gmt":"2023-03-09T06:33:33","slug":"o-metodo","status":"publish","type":"page","link":"https:\/\/francesdeaaz.com\/index.php\/o-metodo\/","title":{"rendered":"O m\u00e9todo"},"content":{"rendered":"\n<p class=\"uag-hide-desktop uag-hide-tab uag-hide-mob\"><\/p>\n\n\n\n<div class=\"wp-block-uagb-container uagb-block-67067409 alignfull uagb-is-root-container\"><div class=\"uagb-container-inner-blocks-wrap\">\n<div class=\"wp-block-uagb-info-box uagb-block-10b1e909 uagb-infobox__content-wrap  uagb-infobox-icon-above-title uagb-infobox-image-valign-top\"><div class=\"uagb-ifb-content\"><div class=\"uagb-ifb-title-wrap\"><div class=\"uagb-ifb-separator\"><\/div><h1 class=\"uagb-ifb-title\">Sobre o m\u00e9todo<\/h1><\/div><\/div><\/div>\n\n\n\n<div class=\"wp-block-uagb-image aligncenter uagb-block-a3609941 wp-block-uagb-image--layout-default wp-block-uagb-image--effect-static wp-block-uagb-image--align-center\"><figure class=\"wp-block-uagb-image__figure\"><img loading=\"lazy\" decoding=\"async\" srcset=\"https:\/\/websitedemos.net\/learn-baking-08\/wp-content\/uploads\/sites\/967\/2021\/01\/yellow-diamond-shape.svg \" src=\"https:\/\/websitedemos.net\/learn-baking-08\/wp-content\/uploads\/sites\/967\/2021\/01\/yellow-diamond-shape.svg\" alt=\"\" class=\"uag-image-10\" width=\"24\" height=\"24\" title=\"\" loading=\"lazy\"\/><\/figure><\/div>\n<\/div><\/div>\n\n\n\n<div class=\"wp-block-uagb-container uagb-block-6da2929e alignfull uagb-is-root-container\"><div class=\"uagb-container-inner-blocks-wrap\">\n<div class=\"wp-block-uagb-container uagb-block-5c475996\">\n<p class=\"has-text-align-justify\" style=\"margin-top:0\">O m\u00e9todo que usamos \u00e9 o comunicativo e nele o centro do aprendizado \u00e9 voc\u00ea! Voc\u00ea vai falar franc\u00eas desde a primeira aula! Mas pode ficar tranquila que eu oscilo entre os dois idiomas com voc\u00ea, tudo bem? O nosso objetivo \u00e9 fazer com que voc\u00ea tenha autonomia e consiga se comunicar em toda e qualquer situa\u00e7\u00e3o e \u00e9 por isso que partimos sempre de situa\u00e7\u00f5es reais de comunica\u00e7\u00e3o, os materiais usados s\u00e3o focados na comunica\u00e7\u00e3o e n\u00e3o s\u00e3o apenas um instrumento de memoriza\u00e7\u00e3o de regras, todas as compet\u00eancias s\u00e3o trabalhadas (fala, audi\u00e7\u00e3o, leitura e escrita). Al\u00e9m disso, levamos em considera\u00e7\u00e3o os seus pr\u00f3prios interesses tornando assim a aula mais atrativa, pois dessa forma voc\u00ea pode falar sobre o que gosta ao mesmo passo que descobre outras culturas. E al\u00e9m disso tamb\u00e9m trabalhamos com literatura francesa nas nossas aulas! J\u00e1 imaginou ler cl\u00e1ssicos em franc\u00eas? Aqui na Franc\u00eas de A a Z voc\u00ea pode!<\/p>\n\n\n\n<p class=\"has-text-align-justify\">Os livros utilizados no curso s\u00e3o regidos pelo quadro europeu de refer\u00eancia para l\u00edngua estrangeira e todos os materiais s\u00e3o disponibilizados atrav\u00e9s da nossa biblioteca da aluna. Al\u00e9m dos livros voc\u00ea tamb\u00e9m recebe mat\u00e9rias extras para melhor absor\u00e7\u00e3o do conte\u00fado.<\/p>\n<\/div>\n\n\n\n<div class=\"wp-block-uagb-container uagb-block-b08e629d\">\n<figure class=\"wp-block-image size-full\"><img fetchpriority=\"high\" decoding=\"async\" width=\"640\" height=\"753\" src=\"https:\/\/francesdeaaz.com\/wp-content\/uploads\/2023\/02\/pexels-lil-artsy-3278757.jpg\" alt=\"\" class=\"wp-image-348\" srcset=\"https:\/\/francesdeaaz.com\/wp-content\/uploads\/2023\/02\/pexels-lil-artsy-3278757.jpg 640w, https:\/\/francesdeaaz.com\/wp-content\/uploads\/2023\/02\/pexels-lil-artsy-3278757-255x300.jpg 255w\" sizes=\"(max-width: 640px) 100vw, 640px\" \/><\/figure>\n<\/div>\n<\/div><\/div>\n","protected":false},"excerpt":{"rendered":"<p>O m\u00e9todo que usamos \u00e9 o comunicativo e nele o centro do aprendizado \u00e9 voc\u00ea! Voc\u00ea vai falar franc\u00eas desde a primeira aula! Mas pode ficar tranquila que eu oscilo entre os dois idiomas com voc\u00ea, tudo bem? O nosso objetivo \u00e9 fazer com que voc\u00ea tenha autonomia e consiga se comunicar em toda e [&hellip;]<\/p>\n","protected":false},"author":1,"featured_media":0,"parent":0,"menu_order":0,"comment_status":"closed","ping_status":"closed","template":"","meta":{"_editorskit_title_hidden":false,"_editorskit_reading_time":0,"_editorskit_is_block_options_detached":false,"_editorskit_block_options_position":"{}","_uag_custom_page_level_css":"","site-sidebar-layout":"default","site-content-layout":"","ast-site-content-layout":"default","site-content-style":"default","site-sidebar-style":"default","ast-global-header-display":"","ast-banner-title-visibility":"","ast-main-header-display":"","ast-hfb-above-header-display":"","ast-hfb-below-header-display":"","ast-hfb-mobile-header-display":"","site-post-title":"disabled","ast-breadcrumbs-content":"","ast-featured-img":"","footer-sml-layout":"","ast-disable-related-posts":"","theme-transparent-header-meta":"","adv-header-id-meta":"","stick-header-meta":"","header-above-stick-meta":"","header-main-stick-meta":"","header-below-stick-meta":"","astra-migrate-meta-layouts":"default","ast-page-background-enabled":"default","ast-page-background-meta":{"desktop":{"background-color":"var(--ast-global-color-4)","background-image":"","background-repeat":"repeat","background-position":"center center","background-size":"auto","background-attachment":"scroll","background-type":"","background-media":"","overlay-type":"","overlay-color":"","overlay-opacity":"","overlay-gradient":""},"tablet":{"background-color":"","background-image":"","background-repeat":"repeat","background-position":"center center","background-size":"auto","background-attachment":"scroll","background-type":"","background-media":"","overlay-type":"","overlay-color":"","overlay-opacity":"","overlay-gradient":""},"mobile":{"background-color":"","background-image":"","background-repeat":"repeat","background-position":"center center","background-size":"auto","background-attachment":"scroll","background-type":"","background-media":"","overlay-type":"","overlay-color":"","overlay-opacity":"","overlay-gradient":""}},"ast-content-background-meta":{"desktop":{"background-color":"var(--ast-global-color-5)","background-image":"","background-repeat":"repeat","background-position":"center center","background-size":"auto","background-attachment":"scroll","background-type":"","background-media":"","overlay-type":"","overlay-color":"","overlay-opacity":"","overlay-gradient":""},"tablet":{"background-color":"var(--ast-global-color-5)","background-image":"","background-repeat":"repeat","background-position":"center center","background-size":"auto","background-attachment":"scroll","background-type":"","background-media":"","overlay-type":"","overlay-color":"","overlay-opacity":"","overlay-gradient":""},"mobile":{"background-color":"var(--ast-global-color-5)","background-image":"","background-repeat":"repeat","background-position":"center center","background-size":"auto","background-attachment":"scroll","background-type":"","background-media":"","overlay-type":"","overlay-color":"","overlay-opacity":"","overlay-gradient":""}},"footnotes":""},"class_list":["post-326","page","type-page","status-publish","hentry"],"uagb_featured_image_src":{"full":false,"thumbnail":false,"medium":false,"medium_large":false,"large":false,"1536x1536":false,"2048x2048":false},"uagb_author_info":{"display_name":"raphael.alves","author_link":"https:\/\/francesdeaaz.com\/index.php\/author\/raphael-alves\/"},"uagb_comment_info":0,"uagb_excerpt":"O m\u00e9todo que usamos \u00e9 o comunicativo e nele o centro do aprendizado \u00e9 voc\u00ea! Voc\u00ea vai falar franc\u00eas desde a primeira aula! Mas pode ficar tranquila que eu oscilo entre os dois idiomas com voc\u00ea, tudo bem? O nosso objetivo \u00e9 fazer com que voc\u00ea tenha autonomia e consiga se comunicar em toda e&hellip;","_links":{"self":[{"href":"https:\/\/francesdeaaz.com\/index.php\/wp-json\/wp\/v2\/pages\/326","targetHints":{"allow":["GET"]}}],"collection":[{"href":"https:\/\/francesdeaaz.com\/index.php\/wp-json\/wp\/v2\/pages"}],"about":[{"href":"https:\/\/francesdeaaz.com\/index.php\/wp-json\/wp\/v2\/types\/page"}],"author":[{"embeddable":true,"href":"https:\/\/francesdeaaz.com\/index.php\/wp-json\/wp\/v2\/users\/1"}],"replies":[{"embeddable":true,"href":"https:\/\/francesdeaaz.com\/index.php\/wp-json\/wp\/v2\/comments?post=326"}],"version-history":[{"count":10,"href":"https:\/\/francesdeaaz.com\/index.php\/wp-json\/wp\/v2\/pages\/326\/revisions"}],"predecessor-version":[{"id":467,"href":"https:\/\/francesdeaaz.com\/index.php\/wp-json\/wp\/v2\/pages\/326\/revisions\/467"}],"wp:attachment":[{"href":"https:\/\/francesdeaaz.com\/index.php\/wp-json\/wp\/v2\/media?parent=326"}],"curies":[{"name":"wp","href":"https:\/\/api.w.org\/{rel}","templated":true}]}}